


{"id":168,"date":"2023-01-09T12:59:20","date_gmt":"2023-01-09T09:59:20","guid":{"rendered":"http:\/\/www.alpayduran.com\/en\/?page_id=168"},"modified":"2023-04-06T17:02:43","modified_gmt":"2023-04-06T14:02:43","slug":"hakkimda","status":"publish","type":"page","link":"https:\/\/www.alpayduran.com\/en\/hakkimda\/","title":{"rendered":"Hakk\u0131mda"},"content":{"rendered":"<h2><strong>Op. Dr. Alpay Duran<\/strong><\/h2>\n<h2><strong><img loading=\"lazy\" decoding=\"async\" class=\"wp-image-250 alignleft\" style=\"float: left; margin: 10px;\" src=\"http:\/\/www.alpayduran.com\/en\/wp-content\/uploads\/2023\/01\/IMG_9757-1.jpg\" alt=\"\" width=\"352\" height=\"442\" \/><\/strong><\/h2>\n<h2><strong>Specialist of Plastic, Reconstructive and Aesthetic Surgery<\/strong><\/h2>\n<p>Op. Dr. Alpay Duran completed his education in medicine at Marmara University Faculty of Medicine (English) between 2001-2008. He trained at the Ministry of Health Haydarpa\u015fa Numune Training and Research Hospital, Plastic Reconstructive and Aesthetic Surgery clinic between 2008-2014 and specialized in Plastic, Reconstructive and Aesthetic Surgery. During his training, he participated in thousands of operations in the field of hand injuries, tumor surgery and aesthetic surgery.<\/p>\n<p>Between 2014-2015, he performed his public service at Sinop Atat\u00fcrk State Hospital. Between 2015-2017, he worked as a specialist physician and clinical administrative officer in the Plastic Reconstructive and Aesthetic Surgery clinic of \u015eanl\u0131urfa Mehmet Akif \u0130nan Training and Research Hospital. During his specialization, he performed many abdominoplasty, breast lift with autoprosthesis technique, post-bariatric surgery, breast and rhinoplasty, minimally invasive aesthetic interventions (botox, filling, PRP, mesotherapy, non-surgical face lift applications), congenital hand anomalies, hand surgery and maxillofacial trauma procedures.<\/p>\n<p>He has published many scientific studies on various plastic surgery techniques in domestic and international journals. He is currently serving as a referee in international journals. He is a member of International Society of Aesthetic Plastic Surgery (ISAPS), Turkish Society of Plastic, Reconstructive and Aesthetic Surgery (TPRECD), European Rhinoplasty Society (RhinoplastySociety of Europe), Aesthetic Surgery Association (EPCD), Istanbul Medical Chamber and Be\u015fikta\u015f Gymnastics Club Association. He holds an authorization certificate in International Health Tourism.<\/p>\n<p>He has been working as a free-lance physician since 2018. In October 2019, he founded the Lavien clinic together with Dr. O\u011fuz \u00c7\u00f6rt\u00fck. He continues to work under the roof of Lavien clinic. He treats patients from almost every region of the world, especially European countries, Canada and Australia.<\/p>\n<p>He is married and has a son.<strong><br \/>\n<\/strong><\/p>\n<h2><strong>Dissertation <\/strong><\/h2>\n<p>The Effect of Apokinin and Dimethylsulfoxide on the Ischemia-Reperfusion Injury Model in Rat Muscles, Haydarpa\u015fa Numune Hospital, Plastic, Reconstructive and Aesthetic Surgery Clinic, 2014, Istanbul (Assoc. Dr. Nesibe Sinem \u00c7ilo\u011flu)<\/p>\n<h2><strong>Articles\u00a0<\/strong><\/h2>\n<h2><strong>Articles Published in International Refereed Journals<\/strong><\/h2>\n<p>1.Wassel type III polydactylywithsymphalangism: a rareentity NS Ciloglu,\u00a0<strong>A Duran<\/strong>, H Buyukdogan. Journal of HandSurgery 39 (5), 1021, 2014<\/p>\n<p>2.Supernumerarynostril: congenital adrenal hyperplasiawith a rarecongenitalanomaly S Ciloglu, <strong>A Duran<\/strong>, H Buyukdogan, AK Yigit. Annals of maxillofacialsurgery 4 (2), 193, 2014<\/p>\n<p>3.A rarephenomenon: oculonasalsynkinesis NS Ciloglu,\u00a0<strong>A Duran<\/strong>, H Buyukdogan. Aestheticplasticsurgery 38 (5), 1064-1065, 2014<\/p>\n<p>4.Spindle cell lipoma adherenttothedigitalnerve in thepalm NS Ciloglu,\u00a0<strong>A Duran<\/strong>, H Buyukdogan. Journal of handandmicrosurgery 6 (2), 108, 2014<\/p>\n<p>5.A classificationsystemforulnarpolydactylyandclinicalseries\u00a0<strong>A Duran<\/strong>, NS Ciloglu, H Buyukdogan. TheJournal of handsurgery 40 (5), 914-921, 2015<\/p>\n<p>6.Keutel syndrome: Augmentation of thenosewithserialfatgrafting S Ciloglu,\u00a0<strong>A Duran<\/strong>, AK Yigit, H Buyukdogan, E Keskin. Annals of maxillofacialsurgery 5 (2), 287, 2015<\/p>\n<p>7.Leg ulcer in a patientwithRothmund\u2013Thomson syndrome S Ciloglu,\u00a0<strong>A Duran<\/strong>, SY Pekcan, H Buyukdogan. SpringerPlus 4 (1), 1-3, 2015<\/p>\n<p>8.Dendritic fibromyxolipoma of leftinguinalregion S Ciloglu,\u00a0<strong>A Duran<\/strong>, E Keskin, A Yigit. IndianJournal of PathologyandMicrobiology 59 (2), 250, 2016<\/p>\n<p>9.A patientwith periorbital pain: A case of isolatedschwannoma of theeyebrow A Duran,\u00a0<strong>A Duran<\/strong>, H Dindar, T Dindar. Journal of SurgicalDermatology 2 (1), 43-45, 2017<\/p>\n<p>10.Congenital familialclinodactyly of indexfingerwithproximal delta phalangesandulnardeviation<strong>A Duran<\/strong>, T Dindar, S Bas. Journal of handandmicrosurgery 9 (01), 039-040, 2017<\/p>\n<p>11.Chronic boutonnieredeformity: cross-lateral bandtechniqueusingpalmarislongusautograft S Duzgun,\u00a0<strong>A Duran<\/strong>, E Keskin, AK Yigit, H Buyukdogan. TheJournal of handsurgery 42 (8), 661. e1-661. E5, 2017<\/p>\n<p>12.Apocynin anddimethylsulfoxidesynergisticallyprotectagainstischemia-reperfusioninjury in a rathindlimbischemia-reperfusion model\u00a0<strong>A Duran<\/strong>, S Ciloglu, O Sehirli, A Yigit, H Buyukdogan, A Duran, K Elciog\u0306lu. EuropeanJournal of PlasticSurgery 40 (6), 507-512, 2017<\/p>\n<p>13.Clinical andhistopathologicalevaluation of theeffects of platelet richplasma, platelet poorplasmaandtopical serum physiologictreatment on woundhealing A Duran, S\u0327 Yas\u0327ar, S Aytekin, P Gu\u0308nes\u0327, R Adaleti,\u00a0<strong>A Duran<\/strong>. TurkishArchives of Dermatology&amp;Venerology\/Turkderm 52 (2), 2018<\/p>\n<p>14.Congenital oculonasalsynkinesis: botulinumtoxin a in thetreatment of a purefacialSynkinesis<strong>A Duran<\/strong>, S Ciloglu. Aestheticsurgeryjournal 38 (11), NP168-NP169, 2018<\/p>\n<p>15.Congenital synkinesisbetweenorbicularisoculiandnasalmusculature: is it rareindeedorjustunderreported?\u00a0<strong>A Duran<\/strong>. EuropeanJournal of PlasticSurgery, 1-4, 2019<\/p>\n<p>16.A Case of NonsyndromicUnilateralCleftHandwith Central Polydactyly, Syndactyly, andThumbHypoplasia: Supportfor a CommonEtiology.\u00a0<strong>A Duran<\/strong>, H Buyukdogan. Journal of handandmicrosurgery 11 (03), 154-156, 2019<\/p>\n<p>17.Radial Polydactyly: A Modification of Wassel\/FlattClassificationSystemandClinical Series S Ciloglu,\u00a0<strong>A Duran.\u00a0<\/strong>TurkishJournal of PlasticSurgery, 2020<\/p>\n<ol>\n<li>Wise-PatternSuperomedialDermaglandularPedicleTechniqueImprovesBreastUpperpoleFullnessandBreastProportions. S Ciloglu,\u00a0<strong>A Duran<\/strong>, B Akal\u0131n. Journal of PlasticSurgery (SAGE), 2021, inpress<\/li>\n<\/ol>\n<h2><strong>Articles Published in National Refereed Journals<\/strong><\/h2>\n<ol>\n<li>A Retrospective Analysis of 56 Dupuytren&#8217;s Contracture Patients Who Underwent Partial Fasciectomy Evaluation, NS Ciloglu, A Duran. Turk J Plast Surg.21(3), 27-30,2013<br \/>\n2<strong>.<\/strong>\u00a0Partial Fasciectomy Specimens; Is pathologic examination necessary in every case? NS\u00c7ilo\u011flu, A Duran. Turk J PlastSurg. 22(3), 132, 2013<br \/>\n3<strong>.<\/strong> Excision of Giant Masses from the Breast with Vertical Scar ReductionMammoplasty Technique and Ensuring Symmetry NS Ciloglu, E Onsal, A Duran Turk J Plast Surg.23(2), 85-87,2015<\/li>\n<\/ol>\n<ol>\n<li>Merkel cell carcinoma: ray amputation of the finger NS \u00c7ilo\u011flu, A Duran, H B\u00fcy\u00fckdo\u011fan, E \u00d6nsal, E Sayman Turk J Plast Surg.23(3), 142-143, 2015<\/li>\n<\/ol>\n<ol start=\"5\">\n<li>5. Guyon&#8217;s canal syndrome: report of three cases due to mass, NS \u00c7ilo\u011flu, E \u00d6nsal, A Duran, A\u0130 Mert, E Keskin Turk J Plast Surg.23(3), 130-132,2015<\/li>\n<li>Recurrence of IsolatedPlantarCerebriformCollagenoma\/Recurrence of IsolatedPlantarCerebriformCollagenoma S Ciloglu, A Duran, E \u00d6nsal, K Yigit, B Onamay Turkish Dermatology Journal 9 (4), 205, 2015<\/li>\n<li>Non-Melanoma Skin Cancers of the Pinna: Retrospective Analysis of 51 Cases, S Ciloglu, A Duran, A Yigit, H Buyukdogan, E Keskin Turkish Dermatology Journal 9 (4), 177, 2015<\/li>\n<\/ol>\n<p>8.A Rare Case: Co-Existence of SimultaneousAnterogradeandRetrogradeUlnarPolydactyly\u00a0<strong>A Duran<\/strong>, NS C\u0327ilog\u0306luTurk J Plast Surg.24(1), 51-52,2016<\/p>\n<p>9.Co-Ex\u0131stence of BifidMedianNerveandPersistentMedianArtery in a Pediatr\u0131cTrauma Case NS C\u0327ilog\u0306lu,\u00a0<strong>A Duran<\/strong>, H Buyukdogan, AK Yig\u0306it, I\u0307 Tu\u0308rkmenTurk J Plast Surg.24(3), 142- 144,2016<\/p>\n<ol>\n<li>Multiple Squamous Cell CarcinomaAfterVemurafenibTherapy NS C\u0327ilog\u0306lu, A Duran, S\u0327 Yas\u0327ar,\u00a0<strong>A Duran\u00a0<\/strong>Turk J Plast Surg.24(4), 216-217,2016<\/li>\n<\/ol>\n<p>11.Tissue Expansion: Comparative Analysis of Complicationsand Risk Factors S C\u0327ilog\u0306u,\u00a0<strong>A Duran\u00a0<\/strong>Turk J Plast Surg.25(1), 7-11,2017<\/p>\n<p>12.Severe handinjuriescausedby a mole gun S Du\u0308zgu\u0308n,\u00a0<strong>A Duran\u00a0<\/strong>Turk J Plast Surg.25(3), 120- 125,2017<\/p>\n<p>13.An unusualcause of unilateralprominentear: dermoidcyst\u00a0<strong>A Duran\u00a0<\/strong>Turk J Plast Surg.26 (4), 177, 2017<\/p>\n<p>14.Pyogenic granuloma of thevermillion: Surgicaltreatment of lipvermilion, anditsoutcomes A Duran,\u00a0<strong>A Duran<\/strong>, T Dindar, H Dindar.HN medicaljournal. 60(2), 156-161<\/p>\n<h2><strong>International Presentations<\/strong><\/h2>\n<p><strong>1.<\/strong>Clinical andhistopathologicalevaluation of theeffects of platelet richplasma, platelet poorplasmaandtopical serum physiologictreatment on woundhealingcausedbyradiofrequencyelectrosurgery in rats, A Duran, S Yasar, P Gunes, S Aytekin,\u00a0<strong>A Duran.\u00a0<\/strong>25th EADV Congress, Vienna, Austria, 2016<\/p>\n<h2><strong>Presentations at National Congresses<\/strong><\/h2>\n<p>1- Retrospective Evaluation of 56 Patients who Underwent Partial Fasciectomy for Dupuytren&#8217;s Contracture. S Ciloglu, A Duran. 34th National Congress October 2012 Antalya. Oral Presentation<\/p>\n<p>2- Auricula-Localized Non-Melanoma Skin Malignancies. S Cilo\u011flu, A Duran, E \u00d6nsal, T Eraslan. Turkish Society of Plastic, Reconstructive and Aesthetic Surgery 35th National Congress October 2013 Istanbul. Oral Presentation<\/p>\n<p>3- Our Clinical Experience with Soft Tissue Malignancies. A Duran, S \u00c7ilo\u011flu, A \u0130 Mert, \u0130 T\u00fcrkmen. Turkish Society of Plastic, Reconstructive and Aesthetic Surgery 35th National Congress October 2013 Istanbul. Oral Presentation<\/p>\n<p>4- The Effect of Apokinin in Rat Skeletal Muscle Ischemia-Reperfusion Injury Model. A Duran, S Ciloglu, E Onsal, H Buyukdogan, O Sehirli. Turkish Society of Plastic, Reconstructive and Aesthetic Surgery 36th National Congress October 2014 Istanbul. Oral Presentation<\/p>\n<p>5- Hand Lodged Masses: A 5-Year Retrospective Analysis. S Ciloglu, \u0130 Turkmen, A Duran, T Eraslan, E Evrensel, E Onsal. Turkish Society of Plastic, Reconstructive and Aesthetic Surgery 36th National Congress October 2014 Istanbul. Oral Presentation<\/p>\n<p>6- \u00c7ilo\u011flu N., Keskin E.R, Duran A., Yaz\u0131c\u0131 A., Omar S., Eraslan T. :Eyelid-Localized Tumors, 36th Turkish Plastic Reconstructive and Aesthetic Surgery National Congress , October 2015, Istanbul<\/p>\n<p>7. &#8216;FreeNipple&#8217; Technique: A Simple Solution to Nipple Tubule Loss Dindar T, Dindar H, Agdogan \u00d6, Bas S, Duran A, Altun E. 38th Turkish Plastic Reconstructive and Aesthetic Surgery National Congress Antalya 2016.<\/p>\n","protected":false},"excerpt":{"rendered":"<p>Op. Dr. Alpay Duran Specialist of Plastic, Reconstructive and Aesthetic Surgery Op. Dr. Alpay Duran completed his education in medicine at Marmara University Faculty of Medicine (English) between 2001-2008. He trained at the Ministry of Health Haydarpa\u015fa Numune Training and Research Hospital, Plastic Reconstructive and Aesthetic Surgery clinic between 2008-2014 and specialized in Plastic, Reconstructive [&hellip;]<\/p>\n","protected":false},"author":1,"featured_media":0,"parent":0,"menu_order":0,"comment_status":"closed","ping_status":"closed","template":"","meta":{"footnotes":""},"class_list":["post-168","page","type-page","status-publish","hentry"],"_links":{"self":[{"href":"https:\/\/www.alpayduran.com\/en\/wp-json\/wp\/v2\/pages\/168","targetHints":{"allow":["GET"]}}],"collection":[{"href":"https:\/\/www.alpayduran.com\/en\/wp-json\/wp\/v2\/pages"}],"about":[{"href":"https:\/\/www.alpayduran.com\/en\/wp-json\/wp\/v2\/types\/page"}],"author":[{"embeddable":true,"href":"https:\/\/www.alpayduran.com\/en\/wp-json\/wp\/v2\/users\/1"}],"replies":[{"embeddable":true,"href":"https:\/\/www.alpayduran.com\/en\/wp-json\/wp\/v2\/comments?post=168"}],"version-history":[{"count":18,"href":"https:\/\/www.alpayduran.com\/en\/wp-json\/wp\/v2\/pages\/168\/revisions"}],"predecessor-version":[{"id":334,"href":"https:\/\/www.alpayduran.com\/en\/wp-json\/wp\/v2\/pages\/168\/revisions\/334"}],"wp:attachment":[{"href":"https:\/\/www.alpayduran.com\/en\/wp-json\/wp\/v2\/media?parent=168"}],"curies":[{"name":"wp","href":"https:\/\/api.w.org\/{rel}","templated":true}]}}