


{"id":168,"date":"2023-01-09T12:59:20","date_gmt":"2023-01-09T09:59:20","guid":{"rendered":"https:\/\/www.alpayduran.com\/de\/?page_id=168"},"modified":"2023-04-06T16:57:42","modified_gmt":"2023-04-06T13:57:42","slug":"uber-mich","status":"publish","type":"page","link":"https:\/\/www.alpayduran.com\/de\/uber-mich\/","title":{"rendered":"\u00dcber mich"},"content":{"rendered":"<h2><strong>Chir. Dr. Alpay Duran<\/strong><\/h2>\n<h2><strong><img loading=\"lazy\" decoding=\"async\" class=\"wp-image-250 alignleft\" style=\"float: left; margin: 10px;\" src=\"https:\/\/www.alpayduran.com\/de\/wp-content\/uploads\/2023\/01\/IMG_9757-1.jpg\" alt=\"\" width=\"352\" height=\"442\" \/><\/strong><\/h2>\n<h2><strong>Facharzt f\u00fcr Plastische, Rekonstruktive und \u00c4sthetische Chirurgie<\/strong><\/h2>\n<p>Chir. Dr. Alpay Duran schloss seine medizinische Ausbildung an der medizinischen Fakult\u00e4t der Marmara-Universit\u00e4t (Englisch) zwischen 2001-2008 ab. Von 2008 bis 2014 absolvierte er seine Ausbildung am Haydarpa\u015fa Numune Lehr- und Forschungskrankenhaus Numune, Klinik f\u00fcr plastische, rekonstruktive und \u00e4sthetische Chirurgie, und wurde Facharzt f\u00fcr plastische, rekonstruktive und \u00e4sthetische Chirurgie. W\u00e4hrend seiner Ausbildung nahm er an Tausenden von Operationen auf dem Gebiet der Handverletzungen, der Tumorchirurgie und der \u00e4sthetischen Chirurgie teil.<\/p>\n<p>Von 2014-2015 leistete er seinen Staatsdienst am \u00f6ffentlichen Krankenhaus Sinop Atat\u00fcrk. Von 2015 bis 2017 arbeitete er als Facharzt und klinischer Verwaltungsleiter in der Klinik f\u00fcr plastische, rekonstruktive und \u00e4sthetische Chirurgie des Mehmet Akif \u0130nan Ausbildungs- und Forschungskrankenhauses in \u015eanl\u0131urfa. W\u00e4hrend seiner Facharztausbildung f\u00fchrte er zahlreiche Operationen in den Bereichen Bauchdeckenstraffung, Bruststraffung mit Autoprothesentechnik, postbariatrische Chirurgie, Brust- und Nasen\u00e4sthetik, minimalinvasive \u00e4sthetische Eingriffe (Botox, F\u00fcllung, PRP, Mesotherapie, nicht-chirurgische Face-Lift-Anwendungen), angeborene Handanomalien, Handchirurgie und Kiefertraumata durch.<\/p>\n<p>Er hat zahlreiche wissenschaftliche Studien \u00fcber verschiedene Techniken der plastischen Chirurgie in nationalen und internationalen Fachzeitschriften ver\u00f6ffentlicht. Derzeit ist er als Gutachter f\u00fcr internationale Fachzeitschriften t\u00e4tig. Er ist Mitglied der Internationalen Gesellschaft f\u00fcr \u00c4sthetisch-Plastische Chirurgie (ISAPS), der T\u00fcrkischen Vereinigung f\u00fcr Plastische, Rekonstruktive und \u00c4sthetische Chirurgie (TPRECD), der Europ\u00e4ischen Gesellschaft f\u00fcr Rhinoplastik, der Vereinigung f\u00fcr \u00c4sthetische Chirurgie (EPCD), der \u00c4rztekammer Istanbul und der Vereinigung des Be\u015fikta\u015f Gymnastics Club. Er besitzt eine Bescheinigung \u00fcber die Zulassung zum internationalen Gesundheitstourismus.<\/p>\n<p>Seit 2018 ist er als freiberuflicher Arzt t\u00e4tig. Im Oktober 2019 gr\u00fcndete er zusammen mit Dr. O\u011fuz \u00c7\u00f6rt\u00fck die Lavien-Klinik. Er arbeitet weiterhin unter dem Dach der Lavien-Klinik. Er operiert ausl\u00e4ndische Patienten aus fast allen Regionen der Welt, insbesondere aus europ\u00e4ischen L\u00e4ndern, Kanada und Australien.<\/p>\n<p>Er ist verheiratet und hat einen Sohn.<\/p>\n<h2><strong>Facharbeit<\/strong><\/h2>\n<p>Die Wirkung von Apokinin und Dimethylsulfoxid in einem Modell f\u00fcr isch\u00e4mische Reperfusionsverletzungen der Ratten-Skelettmuskulatur, Haydarpasa Numune Krankenhaus, Klinik f\u00fcr plastische, rekonstruktive und \u00e4sthetische Chirurgie, 2014, Istanbul (Assoc. Dr. Nesibe Sinem \u00c7ilo\u011flu)<\/p>\n<h2><strong>Artikel <\/strong><\/h2>\n<h2><strong>In internationalen referierten Fachzeitschriften ver\u00f6ffentlichte Artikel<\/strong><\/h2>\n<p>1.Wassel type III polydactyly with symphalangism: a rare entity NS Ciloglu,\u00a0<strong>A Duran<\/strong>, H Buyukdogan. Journal of Hand Surgery 39 (5), 1021, 2014<\/p>\n<ol start=\"2\">\n<li>Supernumerary nostril: congenital adrenal hyperplasia with a rare congenital anomaly S Ciloglu,\u00a0<strong>A Duran<\/strong>, H Buyukdogan, AK Yigit. Annals of maxillofacial surgery 4 (2), 193, 2014<\/li>\n<\/ol>\n<p>3.A rare phenomenon: oculonasal synkinesis NS Ciloglu,\u00a0<strong>A Duran<\/strong>, H Buyukdogan. Aesthetic plastic surgery 38 (5), 1064-1065, 2014<\/p>\n<p>4.Spindle cell lipoma adherent to the digital nerve in the palm NS Ciloglu,\u00a0<strong>A Duran<\/strong>, H Buyukdogan. Journal of hand and microsurgery 6 (2), 108, 2014<\/p>\n<p>5.A classification system for ulnar polydactyly and clinical series\u00a0<strong>A Duran<\/strong>, NS Ciloglu, H Buyukdogan. The Journal of hand surgery 40 (5), 914-921, 2015<\/p>\n<p>6.Keutel syndrome: Augmentation of the nose with serial fat grafting S Ciloglu,\u00a0<strong>A Duran<\/strong>, AK Yigit, H Buyukdogan, E Keskin. Annals of maxillofacial surgery 5 (2), 287, 2015<\/p>\n<p>7.Leg ulcer in a patient with Rothmund\u2013Thomson syndrome S Ciloglu,\u00a0<strong>A Duran<\/strong>, SY Pekcan, H Buyukdogan. SpringerPlus 4 (1), 1-3, 2015<\/p>\n<p>8.Dendritic fibromyxolipoma of left inguinal region S Ciloglu,\u00a0<strong>A Duran<\/strong>, E Keskin, A Yigit. Indian Journal of Pathology and Microbiology 59 (2), 250, 2016<\/p>\n<p>9.A patient with periorbital pain: A case of isolated schwannoma of the eyebrow A Duran,\u00a0<strong>A Duran<\/strong>, H Dindar, T Dindar. Journal of Surgical Dermatology 2 (1), 43-45, 2017<\/p>\n<p>10.Congenital familial clinodactyly of index finger with proximal delta phalanges and ulnar deviation<strong>A Duran<\/strong>, T Dindar, S Bas. Journal of hand and microsurgery 9 (01), 039-040, 2017<\/p>\n<p>11.Chronic boutonniere deformity: cross-lateral band technique using palmaris longus autograft S Duzgun,\u00a0<strong>A Duran<\/strong>, E Keskin, AK Yigit, H Buyukdogan. The Journal of hand surgery 42 (8), 661. e1-661. E5, 2017<\/p>\n<p>12.Apocynin and dimethyl sulfoxide synergistically protect against ischemia-reperfusion injury in a rat hind limb ischemia-reperfusion model\u00a0<strong>A Duran<\/strong>, S Ciloglu, O Sehirli, A Yigit, H Buyukdogan, A Duran, K Elciog\u0306lu. European Journal of Plastic Surgery 40 (6), 507-512, 2017<\/p>\n<p>13.Clinical and histopathological evaluation of the effects of platelet rich plasma, platelet poor plasma and topical serum physiologic treatment on wound healing A Duran, S\u0327 Yas\u0327ar, S Aytekin, P Gu\u0308nes\u0327, R Adaleti,\u00a0<strong>A Duran<\/strong>. Turkish Archives of Dermatology &amp; Venerology\/Turkderm 52 (2), 2018<\/p>\n<p>14.Congenital oculonasal synkinesis: botulinum toxin a in the treatment of a pure facial Synkinesis<strong>A Duran<\/strong>, S Ciloglu. Aesthetic surgery journal 38 (11), NP168-NP169, 2018<\/p>\n<p>15.Congenital synkinesis between orbicularis oculi and nasal musculature: is it rare indeed or just underreported?\u00a0<strong>A Duran<\/strong>. European Journal of Plastic Surgery, 1-4, 2019<\/p>\n<p>16.A Case of Nonsyndromic Unilateral Cleft Hand with Central Polydactyly, Syndactyly, and Thumb Hypoplasia: Support for a Common Etiology.\u00a0<strong>A Duran<\/strong>, H Buyukdogan. Journal of hand and microsurgery 11 (03), 154-156, 2019<\/p>\n<p>17.Radial Polydactyly: A Modification of Wassel\/Flatt Classification System and Clinical Series S Ciloglu,\u00a0<strong>A Duran.\u00a0<\/strong>Turkish Journal of Plastic Surgery, 2020<\/p>\n<ol>\n<li>Wise-Pattern Superomedial Dermaglandular Pedicle Technique Improves Breast Upper pole Fullness and Breast Proportions. S Ciloglu,\u00a0<strong>A Duran<\/strong>, B Akal\u0131n. Journal of Plastic Surgery (SAGE), 2021, inpress<\/li>\n<\/ol>\n<h2><strong>Artikel, die in nationalen referierten Zeitschriften ver\u00f6ffentlicht wurden<\/strong><\/h2>\n<ol>\n<li>Retrospektive Auswertung von 56 Patienten mit Dupuytren&#8217;scher Kontraktur, die sich einer partiellen Fasziektomie unterzogen haben NS C\u0327ilog\u0306lu,\u00a0<strong>A Duran<\/strong>. Turk J Plast Surg.21(3), 27-30,2013<br \/>\n<strong>2.<\/strong> Partielle Fasziektomie-Proben; Ist eine pathologische Untersuchung in jedem Fall notwendig? NS C\u0327ilog\u0306lu,\u00a0<strong>A<\/strong><\/li>\n<\/ol>\n<p><strong>Duran<\/strong>. Turk J Plast Surg. 22(3), 132, 2013<br \/>\n<strong>3.<\/strong> Entfernung von Riesenmassen aus der Brust mit vertikaler Narbenreduktionsmammoplastik und Erzielung einer Symmetrie NS C\u0327ilog\u0306lu, E O\u0308nsal,\u00a0<strong>A Duran\u00a0<\/strong>Turk J Plast Surg.23(2), 85-87,2015<\/p>\n<ol start=\"4\">\n<li>Merkelzellkarzinom: Strahlenamputation des Fingers NS C\u0327ilog\u0306lu,\u00a0<strong>A Duran<\/strong>, H Bu\u0308yu\u0308kdog\u0306an, E O\u0308nsal, E Sayman Turk J Plast Surg.23(3), 142-143, 2015<\/li>\n<li><strong>5<\/strong>. Guyon-Gang-Syndrom: Bericht \u00fcber drei F\u00e4lle aufgrund einer Masse NS C\u0327ilog\u0306lu, E O\u0308nsal,\u00a0<strong>A Duran<\/strong>, AI\u0307 Mert, E Keskin Turk J Plast Surg.23(3), 130-132,2015<\/li>\n<li>N\u00fcks \u0130zol Plantar Serebriform Kollajenom\/Recurrence of Isolated Plantar Cerebriform Collagenoma S C\u0327iloglu,\u00a0<strong>A Duran<\/strong>, E O\u0308nsal, K Yigit, B Onamay Turk Dermatoloji Dergisi 9 (4), 205, 2015<\/li>\n<li>Andere Hautkrebsarten als das Melanom der Ohrmuschel: Retrospektive Analyse von 51 F\u00e4llen\/Non-Melanoma Skin Cancers of Pinna: Retrospective Assesment of 51 Cases S C\u0327iloglu,\u00a0<strong>A Duran<\/strong>, A Yigit, H Bu\u0308yu\u0308kdogan, E Keskin Turk Dermatoloji Dergisi 9 (4), 177, 2015<\/li>\n<\/ol>\n<p>8.A Rare Case: Co-Existence of Simultaneous Anterograde and Retrograde Ulnar Polydactyly\u00a0<strong>A Duran<\/strong>, NS C\u0327ilog\u0306lu Turk J Plast Surg.24(1), 51-52,2016<\/p>\n<p>9.Co-Ex\u0131stence of Bifid Median Nerve and Persistent Median Artery in a Pediatr\u0131c Trauma Case NS C\u0327ilog\u0306lu,\u00a0<strong>A Duran<\/strong>, H Buyukdogan, AK Yig\u0306it, I\u0307 Tu\u0308rkmen Turk J Plast Surg.24(3), 142- 144,2016<\/p>\n<ol start=\"10\">\n<li>Multiple Squamous Cell Carcinoma After Vemurafenib Therapy NS C\u0327ilog\u0306lu, A Duran, S\u0327 Yas\u0327ar,\u00a0<strong>A Duran\u00a0<\/strong>Turk J Plast Surg.24(4), 216-217,2016<\/li>\n<\/ol>\n<p>11.Tissue Expansion: Comparative Analysis of Complications and Risk Factors S C\u0327ilog\u0306u,\u00a0<strong>A Duran\u00a0<\/strong>Turk J Plast Surg.25(1), 7-11,2017<\/p>\n<p>12.Severe hand injuries caused by a mole gun S Du\u0308zgu\u0308n,\u00a0<strong>A Duran\u00a0<\/strong>Turk J Plast Surg.25(3), 120- 125,2017<\/p>\n<p>13.An unusual cause of unilateral prominent ear: dermoid cyst\u00a0<strong>A Duran\u00a0<\/strong>Turk J Plast Surg.26 (4), 177, 2017<\/p>\n<p>14.Pyogenic granuloma of the vermillion: Surgical treatment of lip vermilion, and its outcomes A Duran,\u00a0<strong>A Duran<\/strong>, T Dindar, H Dindar.HN medical journal. 60(2), 156-161<\/p>\n<h2><strong>Internationale Pr\u00e4sentationen<\/strong><\/h2>\n<p><strong>1.<\/strong>Clinical and histopathological evaluation of the effects of platelet rich plasma, platelet poor plasma and topical serum physiologic treatment on wound healing caused by radiofrequency electrosurgery in rats, A Duran, S Yasar, P Gunes, S Aytekin,\u00a0<strong>A Duran.\u00a0<\/strong>25th EADV Congress, Vienna, Austria, 2016<\/p>\n<h2><strong>Pr\u00e4sentationen auf nationalen Kongressen<\/strong><\/h2>\n<p>1- Retrospektive Auswertung von 56 Patienten, bei denen eine partielle Fasziektomie bei Dupuytren&#8217;scher Kontraktur durchgef\u00fchrt wurde. S Ciloglu,\u00a0<strong>A Duran<\/strong>. 34. Nationaler Kongress Oktober 2012 Antalya. M\u00fcndliche Pr\u00e4sentation<\/p>\n<p>2- Auricula lokalisierte nicht-melanome Hautmalignome. S Cilog\u0306lu,\u00a0<strong>A Duran<\/strong>, E O\u0308nsal, T Eraslan. T\u00fcrkische Gesellschaft f\u00fcr Plastische, Rekonstruktive und \u00c4sthetische Chirurgie 35. Nationaler Kongress Oktober 2013 Istanbul. M\u00fcndliche Pr\u00e4sentation<\/p>\n<p>3- Unsere klinische Erfahrung mit b\u00f6sartigen Erkrankungen des Weichteilgewebes.\u00a0<strong>A Duran<\/strong>, S C\u0327ilog\u0306lu, A I\u0307 Mert, I\u0307 Tu\u0308rkmen. T\u00fcrkische Gesellschaft f\u00fcr Plastische, Rekonstruktive und \u00c4sthetische Chirurgie 35. Nationaler Kongress Oktober 2013 Istanbul. M\u00fcndliche Pr\u00e4sentation<\/p>\n<p>4- Wirkung von Apokinin in einem Modell f\u00fcr Isch\u00e4mie-Reperfusionsverletzungen des Ratten-Skelettmuskels.\u00a0<strong>A Duran<\/strong>, S Ciloglu, E Onsal, H Buyukdogan, O Sehirli. T\u00fcrkische Gesellschaft f\u00fcr Plastische, Rekonstruktive und \u00c4sthetische Chirurgie 36. Nationaler Kongress Oktober 2014 Istanbul. M\u00fcndliche Pr\u00e4sentation<br \/>\n5. Handgelagerte Massen: Retrospektive 5-Jahres-Analyse. S Ciloglu, I\u0307 Turkmen,\u00a0<strong>A Duran<\/strong>, T Eraslan, E Evrensel, E Onsal. T\u00fcrkische Gesellschaft f\u00fcr Plastische, Rekonstruktive und \u00c4sthetische Chirurgie 36. Nationaler Kongress Oktober 2014 Istanbul. M\u00fcndliche Pr\u00e4sentation<\/p>\n<p>6- C\u0327ilog\u0306lu N., Keskin E.R<strong>, Duran A<\/strong>., Yaz\u0131c\u0131 A., Omar S., Eraslan T. : Lokalisierte Tumore der Augenlider, 36. T\u00fcrkischer Nationalkongress f\u00fcr plastische, rekonstruktive und \u00e4sthetische Chirurgie, Oktober 2015, Istanbul<\/p>\n<ol start=\"7\">\n<li>Eine einfache L\u00f6sung f\u00fcr den Verlust der Brustwarzenh\u00f6cker mit der &#8216;Free Nipple&#8217;-Technik Dindar T, Dindar H, Agdog\u0306an O\u0308, Bas\u0327 S,\u00a0<strong>Duran A<\/strong>, Altun E. 38. T\u00fcrkischer Nationalkongress f\u00fcr Plastische, Rekonstruktive und \u00c4sthetische Chirurgie Antalya 2016.<\/li>\n<\/ol>\n","protected":false},"excerpt":{"rendered":"<p>Chir. Dr. Alpay Duran Facharzt f\u00fcr Plastische, Rekonstruktive und \u00c4sthetische Chirurgie Chir. Dr. Alpay Duran schloss seine medizinische Ausbildung an der medizinischen Fakult\u00e4t der Marmara-Universit\u00e4t (Englisch) zwischen 2001-2008 ab. Von 2008 bis 2014 absolvierte er seine Ausbildung am Haydarpa\u015fa Numune Lehr- und Forschungskrankenhaus Numune, Klinik f\u00fcr plastische, rekonstruktive und \u00e4sthetische Chirurgie, und wurde Facharzt f\u00fcr [&hellip;]<\/p>\n","protected":false},"author":1,"featured_media":0,"parent":0,"menu_order":0,"comment_status":"closed","ping_status":"closed","template":"","meta":{"footnotes":""},"class_list":["post-168","page","type-page","status-publish","hentry"],"_links":{"self":[{"href":"https:\/\/www.alpayduran.com\/de\/wp-json\/wp\/v2\/pages\/168","targetHints":{"allow":["GET"]}}],"collection":[{"href":"https:\/\/www.alpayduran.com\/de\/wp-json\/wp\/v2\/pages"}],"about":[{"href":"https:\/\/www.alpayduran.com\/de\/wp-json\/wp\/v2\/types\/page"}],"author":[{"embeddable":true,"href":"https:\/\/www.alpayduran.com\/de\/wp-json\/wp\/v2\/users\/1"}],"replies":[{"embeddable":true,"href":"https:\/\/www.alpayduran.com\/de\/wp-json\/wp\/v2\/comments?post=168"}],"version-history":[{"count":19,"href":"https:\/\/www.alpayduran.com\/de\/wp-json\/wp\/v2\/pages\/168\/revisions"}],"predecessor-version":[{"id":340,"href":"https:\/\/www.alpayduran.com\/de\/wp-json\/wp\/v2\/pages\/168\/revisions\/340"}],"wp:attachment":[{"href":"https:\/\/www.alpayduran.com\/de\/wp-json\/wp\/v2\/media?parent=168"}],"curies":[{"name":"wp","href":"https:\/\/api.w.org\/{rel}","templated":true}]}}